{"id":11978,"date":"2022-02-08T13:15:00","date_gmt":"2022-02-08T13:15:00","guid":{"rendered":"https:\/\/opale.design\/product\/white-wooden-frame\/"},"modified":"2022-06-14T23:36:09","modified_gmt":"2022-06-14T23:36:09","slug":"cadre-bois-blanc","status":"publish","type":"product","link":"https:\/\/opale.design\/fr\/produit\/cadre-bois-blanc\/","title":{"rendered":"Cadre en bois blanc"},"content":{"rendered":"<p>Add a Frame to your Art Print | Black or White Wooden Frame | Custom Frame | Framed Poster | White Framed Art Print | Black Framed Prints<\/p>\n<div class=\"page-heading\">\n<div class=\"mt-xs-2 mt-md-3 mb-xs-2\">\n<div class=\"col-group pl-md-0 pr-md-0\">\n<div class=\"col-xs-12\">\n<p class=\"display-inline mr-xs-1\">\n<\/div>\n<\/div>\n<\/div>\n<\/div>\n","protected":false},"excerpt":{"rendered":"<p><strong>Description du cadre:<\/strong><br \/>\n&#8211; Cadre blanc en bois d&rsquo;ayous de haute qualit\u00e9 provenant de for\u00eats renouvelables.<br \/>\n&#8211; Le cadre a une \u00e9paisseur de 1,9 cm (0,75in).<br \/>\n&#8211; L\u00e9ger et facile \u00e0 accrocher avec un protecteur frontal en acrylite.<br \/>\n&#8211; Le mat\u00e9riel d&rsquo;accrochage est fix\u00e9 au cadre.<br \/>\n&#8211; Fabriqu\u00e9 aux Etats-Unis<\/p>\n<p><strong>Encadrement gratuit inclus<\/strong><br \/>\nSi vous achetez un poster assorti, nous l&rsquo;encadrerons pour vous afin qu&rsquo;il soit pr\u00eat \u00e0 \u00eatre accroch\u00e9 au mur lorsque vous le recevrez.<br \/>\nS\u00e9lectionnez la taille (qui doit \u00eatre la m\u00eame que celle de votre affiche) et ajoutez-le \u00e0 votre panier.<br \/>\nOptions de couleur : noir ou blanc<\/p>\n","protected":false},"featured_media":10376,"comment_status":"closed","ping_status":"closed","template":"","meta":[],"product_brand":[],"product_cat":[96],"product_tag":[],"class_list":{"0":"post-11978","1":"product","2":"type-product","3":"status-publish","4":"has-post-thumbnail","6":"product_cat-cadres","8":"first","9":"instock","10":"taxable","11":"shipping-taxable","12":"purchasable","13":"product-type-variable"},"yoast_head":"<!-- This site is optimized with the Yoast SEO plugin v26.5 - https:\/\/yoast.com\/wordpress\/plugins\/seo\/ -->\n<title>Cadre en bois blanc Wall Art Print | Opale<\/title>\n<meta name=\"robots\" content=\"index, follow, max-snippet:-1, max-image-preview:large, max-video-preview:-1\" \/>\n<link rel=\"canonical\" href=\"https:\/\/opale.design\/fr\/produit\/cadre-bois-blanc\/\" \/>\n<meta property=\"og:locale\" content=\"fr_FR\" \/>\n<meta property=\"og:type\" content=\"article\" \/>\n<meta property=\"og:title\" content=\"Cadre en bois blanc Wall Art Print | Opale\" \/>\n<meta property=\"og:description\" content=\"Description du cadre: - Cadre blanc en bois d&#039;ayous de haute qualit\u00e9 provenant de for\u00eats renouvelables. - Le cadre a une \u00e9paisseur de 1,9 cm (0,75in). - L\u00e9ger et facile \u00e0 accrocher avec un protecteur frontal en acrylite. - Le mat\u00e9riel d&#039;accrochage est fix\u00e9 au cadre. - Fabriqu\u00e9 aux Etats-Unis  Encadrement gratuit inclus Si vous achetez un poster assorti, nous l&#039;encadrerons pour vous afin qu&#039;il soit pr\u00eat \u00e0 \u00eatre accroch\u00e9 au mur lorsque vous le recevrez. S\u00e9lectionnez la taille (qui doit \u00eatre la m\u00eame que celle de votre affiche) et ajoutez-le \u00e0 votre panier. Options de couleur : noir ou blanc\" \/>\n<meta property=\"og:url\" content=\"https:\/\/opale.design\/fr\/produit\/cadre-bois-blanc\/\" \/>\n<meta property=\"og:site_name\" content=\"Opale\" \/>\n<meta property=\"article:modified_time\" content=\"2022-06-14T23:36:09+00:00\" \/>\n<meta property=\"og:image\" content=\"https:\/\/opale.design\/wp-content\/uploads\/2022\/02\/fram-frame-ok-scaled.jpg\" \/>\n\t<meta property=\"og:image:width\" content=\"2200\" \/>\n\t<meta property=\"og:image:height\" content=\"2560\" \/>\n\t<meta property=\"og:image:type\" content=\"image\/jpeg\" \/>\n<meta name=\"twitter:card\" content=\"summary_large_image\" \/>\n<script type=\"application\/ld+json\" class=\"yoast-schema-graph\">{\"@context\":\"https:\/\/schema.org\",\"@graph\":[{\"@type\":[\"WebPage\",\"ItemPage\"],\"@id\":\"https:\/\/opale.design\/fr\/produit\/cadre-bois-blanc\/\",\"url\":\"https:\/\/opale.design\/fr\/produit\/cadre-bois-blanc\/\",\"name\":\"Cadre en bois blanc Wall Art Print | Opale\",\"isPartOf\":{\"@id\":\"https:\/\/opale.design\/fr\/#website\"},\"primaryImageOfPage\":{\"@id\":\"https:\/\/opale.design\/fr\/produit\/cadre-bois-blanc\/#primaryimage\"},\"image\":{\"@id\":\"https:\/\/opale.design\/fr\/produit\/cadre-bois-blanc\/#primaryimage\"},\"thumbnailUrl\":\"https:\/\/opale.design\/wp-content\/uploads\/2022\/02\/fram-frame-ok-scaled.jpg\",\"datePublished\":\"2022-02-08T13:15:00+00:00\",\"dateModified\":\"2022-06-14T23:36:09+00:00\",\"breadcrumb\":{\"@id\":\"https:\/\/opale.design\/fr\/produit\/cadre-bois-blanc\/#breadcrumb\"},\"inLanguage\":\"fr-FR\",\"potentialAction\":[{\"@type\":\"ReadAction\",\"target\":[\"https:\/\/opale.design\/fr\/produit\/cadre-bois-blanc\/\"]}]},{\"@type\":\"ImageObject\",\"inLanguage\":\"fr-FR\",\"@id\":\"https:\/\/opale.design\/fr\/produit\/cadre-bois-blanc\/#primaryimage\",\"url\":\"https:\/\/opale.design\/wp-content\/uploads\/2022\/02\/fram-frame-ok-scaled.jpg\",\"contentUrl\":\"https:\/\/opale.design\/wp-content\/uploads\/2022\/02\/fram-frame-ok-scaled.jpg\",\"width\":2200,\"height\":2560},{\"@type\":\"BreadcrumbList\",\"@id\":\"https:\/\/opale.design\/fr\/produit\/cadre-bois-blanc\/#breadcrumb\",\"itemListElement\":[{\"@type\":\"ListItem\",\"position\":1,\"name\":\"Home\",\"item\":\"https:\/\/opale.design\/fr\/\"},{\"@type\":\"ListItem\",\"position\":2,\"name\":\"Les Affiches\",\"item\":\"https:\/\/opale.design\/fr\/boutique\/\"},{\"@type\":\"ListItem\",\"position\":3,\"name\":\"Cadre en bois blanc\"}]},{\"@type\":\"WebSite\",\"@id\":\"https:\/\/opale.design\/fr\/#website\",\"url\":\"https:\/\/opale.design\/fr\/\",\"name\":\"Opale\",\"description\":\"Posters, Art prints &amp; Frames\",\"publisher\":{\"@id\":\"https:\/\/opale.design\/fr\/#organization\"},\"potentialAction\":[{\"@type\":\"SearchAction\",\"target\":{\"@type\":\"EntryPoint\",\"urlTemplate\":\"https:\/\/opale.design\/fr\/?s={search_term_string}\"},\"query-input\":{\"@type\":\"PropertyValueSpecification\",\"valueRequired\":true,\"valueName\":\"search_term_string\"}}],\"inLanguage\":\"fr-FR\"},{\"@type\":\"Organization\",\"@id\":\"https:\/\/opale.design\/fr\/#organization\",\"name\":\"Opale - Wall Art, Art prints & Posters\",\"url\":\"https:\/\/opale.design\/fr\/\",\"logo\":{\"@type\":\"ImageObject\",\"inLanguage\":\"fr-FR\",\"@id\":\"https:\/\/opale.design\/fr\/#\/schema\/logo\/image\/\",\"url\":\"https:\/\/opale.design\/wp-content\/uploads\/2022\/03\/logo-opale.png\",\"contentUrl\":\"https:\/\/opale.design\/wp-content\/uploads\/2022\/03\/logo-opale.png\",\"width\":305,\"height\":137,\"caption\":\"Opale - Wall Art, Art prints & Posters\"},\"image\":{\"@id\":\"https:\/\/opale.design\/fr\/#\/schema\/logo\/image\/\"}}]}<\/script>\n<!-- \/ Yoast SEO plugin. -->","yoast_head_json":{"title":"Cadre en bois blanc Wall Art Print | Opale","robots":{"index":"index","follow":"follow","max-snippet":"max-snippet:-1","max-image-preview":"max-image-preview:large","max-video-preview":"max-video-preview:-1"},"canonical":"https:\/\/opale.design\/fr\/produit\/cadre-bois-blanc\/","og_locale":"fr_FR","og_type":"article","og_title":"Cadre en bois blanc Wall Art Print | Opale","og_description":"Description du cadre: - Cadre blanc en bois d'ayous de haute qualit\u00e9 provenant de for\u00eats renouvelables. - Le cadre a une \u00e9paisseur de 1,9 cm (0,75in). - L\u00e9ger et facile \u00e0 accrocher avec un protecteur frontal en acrylite. - Le mat\u00e9riel d'accrochage est fix\u00e9 au cadre. - Fabriqu\u00e9 aux Etats-Unis  Encadrement gratuit inclus Si vous achetez un poster assorti, nous l'encadrerons pour vous afin qu'il soit pr\u00eat \u00e0 \u00eatre accroch\u00e9 au mur lorsque vous le recevrez. S\u00e9lectionnez la taille (qui doit \u00eatre la m\u00eame que celle de votre affiche) et ajoutez-le \u00e0 votre panier. Options de couleur : noir ou blanc","og_url":"https:\/\/opale.design\/fr\/produit\/cadre-bois-blanc\/","og_site_name":"Opale","article_modified_time":"2022-06-14T23:36:09+00:00","og_image":[{"width":2200,"height":2560,"url":"https:\/\/opale.design\/wp-content\/uploads\/2022\/02\/fram-frame-ok-scaled.jpg","type":"image\/jpeg"}],"twitter_card":"summary_large_image","schema":{"@context":"https:\/\/schema.org","@graph":[{"@type":["WebPage","ItemPage"],"@id":"https:\/\/opale.design\/fr\/produit\/cadre-bois-blanc\/","url":"https:\/\/opale.design\/fr\/produit\/cadre-bois-blanc\/","name":"Cadre en bois blanc Wall Art Print | Opale","isPartOf":{"@id":"https:\/\/opale.design\/fr\/#website"},"primaryImageOfPage":{"@id":"https:\/\/opale.design\/fr\/produit\/cadre-bois-blanc\/#primaryimage"},"image":{"@id":"https:\/\/opale.design\/fr\/produit\/cadre-bois-blanc\/#primaryimage"},"thumbnailUrl":"https:\/\/opale.design\/wp-content\/uploads\/2022\/02\/fram-frame-ok-scaled.jpg","datePublished":"2022-02-08T13:15:00+00:00","dateModified":"2022-06-14T23:36:09+00:00","breadcrumb":{"@id":"https:\/\/opale.design\/fr\/produit\/cadre-bois-blanc\/#breadcrumb"},"inLanguage":"fr-FR","potentialAction":[{"@type":"ReadAction","target":["https:\/\/opale.design\/fr\/produit\/cadre-bois-blanc\/"]}]},{"@type":"ImageObject","inLanguage":"fr-FR","@id":"https:\/\/opale.design\/fr\/produit\/cadre-bois-blanc\/#primaryimage","url":"https:\/\/opale.design\/wp-content\/uploads\/2022\/02\/fram-frame-ok-scaled.jpg","contentUrl":"https:\/\/opale.design\/wp-content\/uploads\/2022\/02\/fram-frame-ok-scaled.jpg","width":2200,"height":2560},{"@type":"BreadcrumbList","@id":"https:\/\/opale.design\/fr\/produit\/cadre-bois-blanc\/#breadcrumb","itemListElement":[{"@type":"ListItem","position":1,"name":"Home","item":"https:\/\/opale.design\/fr\/"},{"@type":"ListItem","position":2,"name":"Les Affiches","item":"https:\/\/opale.design\/fr\/boutique\/"},{"@type":"ListItem","position":3,"name":"Cadre en bois blanc"}]},{"@type":"WebSite","@id":"https:\/\/opale.design\/fr\/#website","url":"https:\/\/opale.design\/fr\/","name":"Opale","description":"Posters, Art prints &amp; Frames","publisher":{"@id":"https:\/\/opale.design\/fr\/#organization"},"potentialAction":[{"@type":"SearchAction","target":{"@type":"EntryPoint","urlTemplate":"https:\/\/opale.design\/fr\/?s={search_term_string}"},"query-input":{"@type":"PropertyValueSpecification","valueRequired":true,"valueName":"search_term_string"}}],"inLanguage":"fr-FR"},{"@type":"Organization","@id":"https:\/\/opale.design\/fr\/#organization","name":"Opale - Wall Art, Art prints & Posters","url":"https:\/\/opale.design\/fr\/","logo":{"@type":"ImageObject","inLanguage":"fr-FR","@id":"https:\/\/opale.design\/fr\/#\/schema\/logo\/image\/","url":"https:\/\/opale.design\/wp-content\/uploads\/2022\/03\/logo-opale.png","contentUrl":"https:\/\/opale.design\/wp-content\/uploads\/2022\/03\/logo-opale.png","width":305,"height":137,"caption":"Opale - Wall Art, Art prints & Posters"},"image":{"@id":"https:\/\/opale.design\/fr\/#\/schema\/logo\/image\/"}}]}},"_links":{"self":[{"href":"https:\/\/opale.design\/fr\/wp-json\/wp\/v2\/product\/11978","targetHints":{"allow":["GET"]}}],"collection":[{"href":"https:\/\/opale.design\/fr\/wp-json\/wp\/v2\/product"}],"about":[{"href":"https:\/\/opale.design\/fr\/wp-json\/wp\/v2\/types\/product"}],"replies":[{"embeddable":true,"href":"https:\/\/opale.design\/fr\/wp-json\/wp\/v2\/comments?post=11978"}],"wp:featuredmedia":[{"embeddable":true,"href":"https:\/\/opale.design\/fr\/wp-json\/wp\/v2\/media\/10376"}],"wp:attachment":[{"href":"https:\/\/opale.design\/fr\/wp-json\/wp\/v2\/media?parent=11978"}],"wp:term":[{"taxonomy":"product_brand","embeddable":true,"href":"https:\/\/opale.design\/fr\/wp-json\/wp\/v2\/product_brand?post=11978"},{"taxonomy":"product_cat","embeddable":true,"href":"https:\/\/opale.design\/fr\/wp-json\/wp\/v2\/product_cat?post=11978"},{"taxonomy":"product_tag","embeddable":true,"href":"https:\/\/opale.design\/fr\/wp-json\/wp\/v2\/product_tag?post=11978"}],"curies":[{"name":"wp","href":"https:\/\/api.w.org\/{rel}","templated":true}]}}