{"id":11754,"date":"2021-11-25T19:07:00","date_gmt":"2021-11-25T19:07:00","guid":{"rendered":"https:\/\/opale.design\/product\/confident-yellow-citrine\/"},"modified":"2023-04-02T18:42:46","modified_gmt":"2023-04-02T18:42:46","slug":"citrine-jaune","status":"publish","type":"product","link":"https:\/\/opale.design\/fr\/produit\/citrine-jaune\/","title":{"rendered":"Citrine Jaune"},"content":{"rendered":"<p>Confident Yellow Citrine Art Print Poster | Wall Art | Minimalist Photography | Gemstone texture | Yellow Color Art | Modern Art | Home Deco | Printables | Home Art | Deco | Wall Art | Gallery Wall | Home Inspiration<\/p>\n<div class=\"page-heading\">\n<div class=\"mt-xs-2 mt-md-3 mb-xs-2\">\n<div class=\"col-group pl-md-0 pr-md-0\">\n<div class=\"col-xs-12\">\n<p class=\"display-inline mr-xs-1\">\n<\/div>\n<\/div>\n<\/div>\n<\/div>\n","protected":false},"excerpt":{"rendered":"<p><em>La citrine est une pierre d&rsquo;abondance, de succ\u00e8s et de prosp\u00e9rit\u00e9.<\/em><br \/>\n<em>Cette pierre jaune \u00e9nergisante apporte bonheur, courage, espoir et chaleur.<\/em><\/p>\n<p>Impression d&rsquo;art haut de gamme sur papier mat velout\u00e9.<\/p>\n<p>Soigneusement emball\u00e9e dans du papier de soie et exp\u00e9di\u00e9e dans un tube de protection en carton. Exp\u00e9dition mondiale disponible.<br \/>\nCette affiche est livr\u00e9e avec une bordure blanche autour du motif. Les tailles affich\u00e9es indiquent la taille r\u00e9elle de l&rsquo;impression d&rsquo;art, y compris la bordure blanche.<\/p>\n<p>Convient aux cadres de taille standard.<\/p>\n<p>Veuillez noter: ce que vous achetez est l&rsquo;affiche imprim\u00e9e, le cadre n&rsquo;est pas inclus.<\/p>\n<p>Service d&rsquo;encadrement gratuit : si vous achetez un cadre assorti, nous encadrons l&rsquo;affiche pour vous afin qu&rsquo;elle soit pr\u00eate \u00e0 \u00eatre accroch\u00e9e lorsque vous la recevez !<br \/>\n<a href=\"https:\/\/opale.design\/product-category\/frames\/\">D\u00e9couvrir les cadres ici.<\/a><\/p>\n","protected":false},"featured_media":9510,"comment_status":"closed","ping_status":"closed","template":"","meta":[],"product_brand":[],"product_cat":[84,85,91,97],"product_tag":[],"class_list":{"0":"post-11754","1":"product","2":"type-product","3":"status-publish","4":"has-post-thumbnail","6":"product_cat-collection-jaune","7":"product_cat-toutes-les-affiches","8":"product_cat-nuances","9":"product_cat-pierres-precieuses","11":"first","12":"instock","13":"taxable","14":"shipping-taxable","15":"purchasable","16":"product-type-variable","17":"has-default-attributes"},"yoast_head":"<!-- This site is optimized with the Yoast SEO plugin v26.5 - https:\/\/yoast.com\/wordpress\/plugins\/seo\/ -->\n<title>Citrine Jaune Wall Art Print | Opale<\/title>\n<meta name=\"robots\" content=\"index, follow, max-snippet:-1, max-image-preview:large, max-video-preview:-1\" \/>\n<link rel=\"canonical\" href=\"https:\/\/opale.design\/fr\/produit\/citrine-jaune\/\" \/>\n<meta property=\"og:locale\" content=\"fr_FR\" \/>\n<meta property=\"og:type\" content=\"article\" \/>\n<meta property=\"og:title\" content=\"Citrine Jaune Wall Art Print | Opale\" \/>\n<meta property=\"og:description\" content=\"La citrine est une pierre d&#039;abondance, de succ\u00e8s et de prosp\u00e9rit\u00e9. Cette pierre jaune \u00e9nergisante apporte bonheur, courage, espoir et chaleur.  Impression d&#039;art haut de gamme sur papier mat velout\u00e9.  Soigneusement emball\u00e9e dans du papier de soie et exp\u00e9di\u00e9e dans un tube de protection en carton. Exp\u00e9dition mondiale disponible. Cette affiche est livr\u00e9e avec une bordure blanche autour du motif. Les tailles affich\u00e9es indiquent la taille r\u00e9elle de l&#039;impression d&#039;art, y compris la bordure blanche.  Convient aux cadres de taille standard.  Veuillez noter: ce que vous achetez est l&#039;affiche imprim\u00e9e, le cadre n&#039;est pas inclus.  Service d&#039;encadrement gratuit : si vous achetez un cadre assorti, nous encadrons l&#039;affiche pour vous afin qu&#039;elle soit pr\u00eate \u00e0 \u00eatre accroch\u00e9e lorsque vous la recevez ! D\u00e9couvrir les cadres ici.\" \/>\n<meta property=\"og:url\" content=\"https:\/\/opale.design\/fr\/produit\/citrine-jaune\/\" \/>\n<meta property=\"og:site_name\" content=\"Opale\" \/>\n<meta property=\"article:modified_time\" content=\"2023-04-02T18:42:46+00:00\" \/>\n<meta property=\"og:image\" content=\"https:\/\/opale.design\/wp-content\/uploads\/2021\/11\/Version-site23.jpg\" \/>\n\t<meta property=\"og:image:width\" content=\"1576\" \/>\n\t<meta property=\"og:image:height\" content=\"1834\" \/>\n\t<meta property=\"og:image:type\" content=\"image\/jpeg\" \/>\n<meta name=\"twitter:card\" content=\"summary_large_image\" \/>\n<meta name=\"twitter:label1\" content=\"Dur\u00e9e de lecture estim\u00e9e\" \/>\n\t<meta name=\"twitter:data1\" content=\"1 minute\" \/>\n<script type=\"application\/ld+json\" class=\"yoast-schema-graph\">{\"@context\":\"https:\/\/schema.org\",\"@graph\":[{\"@type\":[\"WebPage\",\"ItemPage\"],\"@id\":\"https:\/\/opale.design\/fr\/produit\/citrine-jaune\/\",\"url\":\"https:\/\/opale.design\/fr\/produit\/citrine-jaune\/\",\"name\":\"Citrine Jaune Wall Art Print | Opale\",\"isPartOf\":{\"@id\":\"https:\/\/opale.design\/fr\/#website\"},\"primaryImageOfPage\":{\"@id\":\"https:\/\/opale.design\/fr\/produit\/citrine-jaune\/#primaryimage\"},\"image\":{\"@id\":\"https:\/\/opale.design\/fr\/produit\/citrine-jaune\/#primaryimage\"},\"thumbnailUrl\":\"https:\/\/opale.design\/wp-content\/uploads\/2021\/11\/Version-site23.jpg\",\"datePublished\":\"2021-11-25T19:07:00+00:00\",\"dateModified\":\"2023-04-02T18:42:46+00:00\",\"breadcrumb\":{\"@id\":\"https:\/\/opale.design\/fr\/produit\/citrine-jaune\/#breadcrumb\"},\"inLanguage\":\"fr-FR\",\"potentialAction\":[{\"@type\":\"ReadAction\",\"target\":[\"https:\/\/opale.design\/fr\/produit\/citrine-jaune\/\"]}]},{\"@type\":\"ImageObject\",\"inLanguage\":\"fr-FR\",\"@id\":\"https:\/\/opale.design\/fr\/produit\/citrine-jaune\/#primaryimage\",\"url\":\"https:\/\/opale.design\/wp-content\/uploads\/2021\/11\/Version-site23.jpg\",\"contentUrl\":\"https:\/\/opale.design\/wp-content\/uploads\/2021\/11\/Version-site23.jpg\",\"width\":1576,\"height\":1834},{\"@type\":\"BreadcrumbList\",\"@id\":\"https:\/\/opale.design\/fr\/produit\/citrine-jaune\/#breadcrumb\",\"itemListElement\":[{\"@type\":\"ListItem\",\"position\":1,\"name\":\"Home\",\"item\":\"https:\/\/opale.design\/fr\/\"},{\"@type\":\"ListItem\",\"position\":2,\"name\":\"Les Affiches\",\"item\":\"https:\/\/opale.design\/fr\/boutique\/\"},{\"@type\":\"ListItem\",\"position\":3,\"name\":\"Citrine Jaune\"}]},{\"@type\":\"WebSite\",\"@id\":\"https:\/\/opale.design\/fr\/#website\",\"url\":\"https:\/\/opale.design\/fr\/\",\"name\":\"Opale\",\"description\":\"Posters, Art prints &amp; Frames\",\"publisher\":{\"@id\":\"https:\/\/opale.design\/fr\/#organization\"},\"potentialAction\":[{\"@type\":\"SearchAction\",\"target\":{\"@type\":\"EntryPoint\",\"urlTemplate\":\"https:\/\/opale.design\/fr\/?s={search_term_string}\"},\"query-input\":{\"@type\":\"PropertyValueSpecification\",\"valueRequired\":true,\"valueName\":\"search_term_string\"}}],\"inLanguage\":\"fr-FR\"},{\"@type\":\"Organization\",\"@id\":\"https:\/\/opale.design\/fr\/#organization\",\"name\":\"Opale - Wall Art, Art prints & Posters\",\"url\":\"https:\/\/opale.design\/fr\/\",\"logo\":{\"@type\":\"ImageObject\",\"inLanguage\":\"fr-FR\",\"@id\":\"https:\/\/opale.design\/fr\/#\/schema\/logo\/image\/\",\"url\":\"https:\/\/opale.design\/wp-content\/uploads\/2022\/03\/logo-opale.png\",\"contentUrl\":\"https:\/\/opale.design\/wp-content\/uploads\/2022\/03\/logo-opale.png\",\"width\":305,\"height\":137,\"caption\":\"Opale - Wall Art, Art prints & Posters\"},\"image\":{\"@id\":\"https:\/\/opale.design\/fr\/#\/schema\/logo\/image\/\"}}]}<\/script>\n<!-- \/ Yoast SEO plugin. -->","yoast_head_json":{"title":"Citrine Jaune Wall Art Print | Opale","robots":{"index":"index","follow":"follow","max-snippet":"max-snippet:-1","max-image-preview":"max-image-preview:large","max-video-preview":"max-video-preview:-1"},"canonical":"https:\/\/opale.design\/fr\/produit\/citrine-jaune\/","og_locale":"fr_FR","og_type":"article","og_title":"Citrine Jaune Wall Art Print | Opale","og_description":"La citrine est une pierre d'abondance, de succ\u00e8s et de prosp\u00e9rit\u00e9. Cette pierre jaune \u00e9nergisante apporte bonheur, courage, espoir et chaleur.  Impression d'art haut de gamme sur papier mat velout\u00e9.  Soigneusement emball\u00e9e dans du papier de soie et exp\u00e9di\u00e9e dans un tube de protection en carton. Exp\u00e9dition mondiale disponible. Cette affiche est livr\u00e9e avec une bordure blanche autour du motif. Les tailles affich\u00e9es indiquent la taille r\u00e9elle de l'impression d'art, y compris la bordure blanche.  Convient aux cadres de taille standard.  Veuillez noter: ce que vous achetez est l'affiche imprim\u00e9e, le cadre n'est pas inclus.  Service d'encadrement gratuit : si vous achetez un cadre assorti, nous encadrons l'affiche pour vous afin qu'elle soit pr\u00eate \u00e0 \u00eatre accroch\u00e9e lorsque vous la recevez ! D\u00e9couvrir les cadres ici.","og_url":"https:\/\/opale.design\/fr\/produit\/citrine-jaune\/","og_site_name":"Opale","article_modified_time":"2023-04-02T18:42:46+00:00","og_image":[{"width":1576,"height":1834,"url":"https:\/\/opale.design\/wp-content\/uploads\/2021\/11\/Version-site23.jpg","type":"image\/jpeg"}],"twitter_card":"summary_large_image","twitter_misc":{"Dur\u00e9e de lecture estim\u00e9e":"1 minute"},"schema":{"@context":"https:\/\/schema.org","@graph":[{"@type":["WebPage","ItemPage"],"@id":"https:\/\/opale.design\/fr\/produit\/citrine-jaune\/","url":"https:\/\/opale.design\/fr\/produit\/citrine-jaune\/","name":"Citrine Jaune Wall Art Print | Opale","isPartOf":{"@id":"https:\/\/opale.design\/fr\/#website"},"primaryImageOfPage":{"@id":"https:\/\/opale.design\/fr\/produit\/citrine-jaune\/#primaryimage"},"image":{"@id":"https:\/\/opale.design\/fr\/produit\/citrine-jaune\/#primaryimage"},"thumbnailUrl":"https:\/\/opale.design\/wp-content\/uploads\/2021\/11\/Version-site23.jpg","datePublished":"2021-11-25T19:07:00+00:00","dateModified":"2023-04-02T18:42:46+00:00","breadcrumb":{"@id":"https:\/\/opale.design\/fr\/produit\/citrine-jaune\/#breadcrumb"},"inLanguage":"fr-FR","potentialAction":[{"@type":"ReadAction","target":["https:\/\/opale.design\/fr\/produit\/citrine-jaune\/"]}]},{"@type":"ImageObject","inLanguage":"fr-FR","@id":"https:\/\/opale.design\/fr\/produit\/citrine-jaune\/#primaryimage","url":"https:\/\/opale.design\/wp-content\/uploads\/2021\/11\/Version-site23.jpg","contentUrl":"https:\/\/opale.design\/wp-content\/uploads\/2021\/11\/Version-site23.jpg","width":1576,"height":1834},{"@type":"BreadcrumbList","@id":"https:\/\/opale.design\/fr\/produit\/citrine-jaune\/#breadcrumb","itemListElement":[{"@type":"ListItem","position":1,"name":"Home","item":"https:\/\/opale.design\/fr\/"},{"@type":"ListItem","position":2,"name":"Les Affiches","item":"https:\/\/opale.design\/fr\/boutique\/"},{"@type":"ListItem","position":3,"name":"Citrine Jaune"}]},{"@type":"WebSite","@id":"https:\/\/opale.design\/fr\/#website","url":"https:\/\/opale.design\/fr\/","name":"Opale","description":"Posters, Art prints &amp; Frames","publisher":{"@id":"https:\/\/opale.design\/fr\/#organization"},"potentialAction":[{"@type":"SearchAction","target":{"@type":"EntryPoint","urlTemplate":"https:\/\/opale.design\/fr\/?s={search_term_string}"},"query-input":{"@type":"PropertyValueSpecification","valueRequired":true,"valueName":"search_term_string"}}],"inLanguage":"fr-FR"},{"@type":"Organization","@id":"https:\/\/opale.design\/fr\/#organization","name":"Opale - Wall Art, Art prints & Posters","url":"https:\/\/opale.design\/fr\/","logo":{"@type":"ImageObject","inLanguage":"fr-FR","@id":"https:\/\/opale.design\/fr\/#\/schema\/logo\/image\/","url":"https:\/\/opale.design\/wp-content\/uploads\/2022\/03\/logo-opale.png","contentUrl":"https:\/\/opale.design\/wp-content\/uploads\/2022\/03\/logo-opale.png","width":305,"height":137,"caption":"Opale - Wall Art, Art prints & Posters"},"image":{"@id":"https:\/\/opale.design\/fr\/#\/schema\/logo\/image\/"}}]}},"_links":{"self":[{"href":"https:\/\/opale.design\/fr\/wp-json\/wp\/v2\/product\/11754","targetHints":{"allow":["GET"]}}],"collection":[{"href":"https:\/\/opale.design\/fr\/wp-json\/wp\/v2\/product"}],"about":[{"href":"https:\/\/opale.design\/fr\/wp-json\/wp\/v2\/types\/product"}],"replies":[{"embeddable":true,"href":"https:\/\/opale.design\/fr\/wp-json\/wp\/v2\/comments?post=11754"}],"wp:featuredmedia":[{"embeddable":true,"href":"https:\/\/opale.design\/fr\/wp-json\/wp\/v2\/media\/9510"}],"wp:attachment":[{"href":"https:\/\/opale.design\/fr\/wp-json\/wp\/v2\/media?parent=11754"}],"wp:term":[{"taxonomy":"product_brand","embeddable":true,"href":"https:\/\/opale.design\/fr\/wp-json\/wp\/v2\/product_brand?post=11754"},{"taxonomy":"product_cat","embeddable":true,"href":"https:\/\/opale.design\/fr\/wp-json\/wp\/v2\/product_cat?post=11754"},{"taxonomy":"product_tag","embeddable":true,"href":"https:\/\/opale.design\/fr\/wp-json\/wp\/v2\/product_tag?post=11754"}],"curies":[{"name":"wp","href":"https:\/\/api.w.org\/{rel}","templated":true}]}}