{"id":11165,"date":"2021-11-25T23:37:00","date_gmt":"2021-11-25T23:37:00","guid":{"rendered":"https:\/\/opale.design\/product\/a-paris\/"},"modified":"2023-04-02T18:45:12","modified_gmt":"2023-04-02T18:45:12","slug":"a-paris","status":"publish","type":"product","link":"https:\/\/opale.design\/fr\/produit\/a-paris\/","title":{"rendered":"\u00c0 Paris"},"content":{"rendered":"<p>\u00c0 Paris Art Print Poster | Wall Art | In Paris Photography | Travel Inspiration | City Vibes | Home Deco | Red Monochrome Color | Caf\u00e9 Terrasse | Home Deco | Wall Art | Gallery Wall | Home Inspiration | Summer Art | Travel<\/p>\n<h1 class=\"wt-text-body-03 wt-line-height-tight wt-break-word\" data-buy-box-listing-title=\"true\"><\/h1>\n","protected":false},"excerpt":{"rendered":"<p>Impression d&rsquo;art haut de gamme sur papier mat velout\u00e9.<\/p>\n<p>Soigneusement emball\u00e9e dans du papier de soie et exp\u00e9di\u00e9e dans un tube de protection en carton. Exp\u00e9dition mondiale disponible.<br \/>\nCette affiche est livr\u00e9e avec une bordure blanche autour du motif. Les tailles affich\u00e9es indiquent la taille r\u00e9elle de l&rsquo;impression d&rsquo;art, y compris la bordure blanche.<\/p>\n<p>Convient aux cadres de taille standard.<\/p>\n<p>Veuillez noter: ce que vous achetez est l&rsquo;affiche imprim\u00e9e, le cadre n&rsquo;est pas inclus.<\/p>\n<p>Service d&rsquo;encadrement gratuit : si vous achetez un cadre assorti, nous encadrons l&rsquo;affiche pour vous afin qu&rsquo;elle soit pr\u00eate \u00e0 \u00eatre accroch\u00e9e lorsque vous la recevez !<br \/>\n<a href=\"https:\/\/opale.design\/product-category\/frames\/\">D\u00e9couvrir les cadres ici.<\/a><\/p>\n","protected":false},"featured_media":9560,"comment_status":"closed","ping_status":"closed","template":"","meta":[],"product_brand":[],"product_cat":[85,89],"product_tag":[],"class_list":{"0":"post-11165","1":"product","2":"type-product","3":"status-publish","4":"has-post-thumbnail","6":"product_cat-toutes-les-affiches","7":"product_cat-voyage","9":"first","10":"instock","11":"taxable","12":"shipping-taxable","13":"purchasable","14":"product-type-variable","15":"has-default-attributes"},"yoast_head":"<!-- This site is optimized with the Yoast SEO plugin v26.5 - https:\/\/yoast.com\/wordpress\/plugins\/seo\/ -->\n<title>\u00c0 Paris Wall Art Print | Opale<\/title>\n<meta name=\"robots\" content=\"index, follow, max-snippet:-1, max-image-preview:large, max-video-preview:-1\" \/>\n<link rel=\"canonical\" href=\"https:\/\/opale.design\/fr\/produit\/a-paris\/\" \/>\n<meta property=\"og:locale\" content=\"fr_FR\" \/>\n<meta property=\"og:type\" content=\"article\" \/>\n<meta property=\"og:title\" content=\"\u00c0 Paris Wall Art Print | Opale\" \/>\n<meta property=\"og:description\" content=\"Impression d&#039;art haut de gamme sur papier mat velout\u00e9.  Soigneusement emball\u00e9e dans du papier de soie et exp\u00e9di\u00e9e dans un tube de protection en carton. Exp\u00e9dition mondiale disponible. Cette affiche est livr\u00e9e avec une bordure blanche autour du motif. Les tailles affich\u00e9es indiquent la taille r\u00e9elle de l&#039;impression d&#039;art, y compris la bordure blanche.  Convient aux cadres de taille standard.  Veuillez noter: ce que vous achetez est l&#039;affiche imprim\u00e9e, le cadre n&#039;est pas inclus.  Service d&#039;encadrement gratuit : si vous achetez un cadre assorti, nous encadrons l&#039;affiche pour vous afin qu&#039;elle soit pr\u00eate \u00e0 \u00eatre accroch\u00e9e lorsque vous la recevez ! D\u00e9couvrir les cadres ici.\" \/>\n<meta property=\"og:url\" content=\"https:\/\/opale.design\/fr\/produit\/a-paris\/\" \/>\n<meta property=\"og:site_name\" content=\"Opale\" \/>\n<meta property=\"article:modified_time\" content=\"2023-04-02T18:45:12+00:00\" \/>\n<meta property=\"og:image\" content=\"https:\/\/opale.design\/wp-content\/uploads\/2021\/11\/Version-site106.jpg\" \/>\n\t<meta property=\"og:image:width\" content=\"1576\" \/>\n\t<meta property=\"og:image:height\" content=\"1834\" \/>\n\t<meta property=\"og:image:type\" content=\"image\/jpeg\" \/>\n<meta name=\"twitter:card\" content=\"summary_large_image\" \/>\n<meta name=\"twitter:label1\" content=\"Dur\u00e9e de lecture estim\u00e9e\" \/>\n\t<meta name=\"twitter:data1\" content=\"1 minute\" \/>\n<script type=\"application\/ld+json\" class=\"yoast-schema-graph\">{\"@context\":\"https:\/\/schema.org\",\"@graph\":[{\"@type\":[\"WebPage\",\"ItemPage\"],\"@id\":\"https:\/\/opale.design\/fr\/produit\/a-paris\/\",\"url\":\"https:\/\/opale.design\/fr\/produit\/a-paris\/\",\"name\":\"\u00c0 Paris Wall Art Print | Opale\",\"isPartOf\":{\"@id\":\"https:\/\/opale.design\/fr\/#website\"},\"primaryImageOfPage\":{\"@id\":\"https:\/\/opale.design\/fr\/produit\/a-paris\/#primaryimage\"},\"image\":{\"@id\":\"https:\/\/opale.design\/fr\/produit\/a-paris\/#primaryimage\"},\"thumbnailUrl\":\"https:\/\/opale.design\/wp-content\/uploads\/2021\/11\/Version-site106.jpg\",\"datePublished\":\"2021-11-25T23:37:00+00:00\",\"dateModified\":\"2023-04-02T18:45:12+00:00\",\"breadcrumb\":{\"@id\":\"https:\/\/opale.design\/fr\/produit\/a-paris\/#breadcrumb\"},\"inLanguage\":\"fr-FR\",\"potentialAction\":[{\"@type\":\"ReadAction\",\"target\":[\"https:\/\/opale.design\/fr\/produit\/a-paris\/\"]}]},{\"@type\":\"ImageObject\",\"inLanguage\":\"fr-FR\",\"@id\":\"https:\/\/opale.design\/fr\/produit\/a-paris\/#primaryimage\",\"url\":\"https:\/\/opale.design\/wp-content\/uploads\/2021\/11\/Version-site106.jpg\",\"contentUrl\":\"https:\/\/opale.design\/wp-content\/uploads\/2021\/11\/Version-site106.jpg\",\"width\":1576,\"height\":1834},{\"@type\":\"BreadcrumbList\",\"@id\":\"https:\/\/opale.design\/fr\/produit\/a-paris\/#breadcrumb\",\"itemListElement\":[{\"@type\":\"ListItem\",\"position\":1,\"name\":\"Home\",\"item\":\"https:\/\/opale.design\/fr\/\"},{\"@type\":\"ListItem\",\"position\":2,\"name\":\"Les Affiches\",\"item\":\"https:\/\/opale.design\/fr\/boutique\/\"},{\"@type\":\"ListItem\",\"position\":3,\"name\":\"\u00c0 Paris\"}]},{\"@type\":\"WebSite\",\"@id\":\"https:\/\/opale.design\/fr\/#website\",\"url\":\"https:\/\/opale.design\/fr\/\",\"name\":\"Opale\",\"description\":\"Posters, Art prints &amp; Frames\",\"publisher\":{\"@id\":\"https:\/\/opale.design\/fr\/#organization\"},\"potentialAction\":[{\"@type\":\"SearchAction\",\"target\":{\"@type\":\"EntryPoint\",\"urlTemplate\":\"https:\/\/opale.design\/fr\/?s={search_term_string}\"},\"query-input\":{\"@type\":\"PropertyValueSpecification\",\"valueRequired\":true,\"valueName\":\"search_term_string\"}}],\"inLanguage\":\"fr-FR\"},{\"@type\":\"Organization\",\"@id\":\"https:\/\/opale.design\/fr\/#organization\",\"name\":\"Opale - Wall Art, Art prints & Posters\",\"url\":\"https:\/\/opale.design\/fr\/\",\"logo\":{\"@type\":\"ImageObject\",\"inLanguage\":\"fr-FR\",\"@id\":\"https:\/\/opale.design\/fr\/#\/schema\/logo\/image\/\",\"url\":\"https:\/\/opale.design\/wp-content\/uploads\/2022\/03\/logo-opale.png\",\"contentUrl\":\"https:\/\/opale.design\/wp-content\/uploads\/2022\/03\/logo-opale.png\",\"width\":305,\"height\":137,\"caption\":\"Opale - Wall Art, Art prints & Posters\"},\"image\":{\"@id\":\"https:\/\/opale.design\/fr\/#\/schema\/logo\/image\/\"}}]}<\/script>\n<!-- \/ Yoast SEO plugin. -->","yoast_head_json":{"title":"\u00c0 Paris Wall Art Print | Opale","robots":{"index":"index","follow":"follow","max-snippet":"max-snippet:-1","max-image-preview":"max-image-preview:large","max-video-preview":"max-video-preview:-1"},"canonical":"https:\/\/opale.design\/fr\/produit\/a-paris\/","og_locale":"fr_FR","og_type":"article","og_title":"\u00c0 Paris Wall Art Print | Opale","og_description":"Impression d'art haut de gamme sur papier mat velout\u00e9.  Soigneusement emball\u00e9e dans du papier de soie et exp\u00e9di\u00e9e dans un tube de protection en carton. Exp\u00e9dition mondiale disponible. Cette affiche est livr\u00e9e avec une bordure blanche autour du motif. Les tailles affich\u00e9es indiquent la taille r\u00e9elle de l'impression d'art, y compris la bordure blanche.  Convient aux cadres de taille standard.  Veuillez noter: ce que vous achetez est l'affiche imprim\u00e9e, le cadre n'est pas inclus.  Service d'encadrement gratuit : si vous achetez un cadre assorti, nous encadrons l'affiche pour vous afin qu'elle soit pr\u00eate \u00e0 \u00eatre accroch\u00e9e lorsque vous la recevez ! D\u00e9couvrir les cadres ici.","og_url":"https:\/\/opale.design\/fr\/produit\/a-paris\/","og_site_name":"Opale","article_modified_time":"2023-04-02T18:45:12+00:00","og_image":[{"width":1576,"height":1834,"url":"https:\/\/opale.design\/wp-content\/uploads\/2021\/11\/Version-site106.jpg","type":"image\/jpeg"}],"twitter_card":"summary_large_image","twitter_misc":{"Dur\u00e9e de lecture estim\u00e9e":"1 minute"},"schema":{"@context":"https:\/\/schema.org","@graph":[{"@type":["WebPage","ItemPage"],"@id":"https:\/\/opale.design\/fr\/produit\/a-paris\/","url":"https:\/\/opale.design\/fr\/produit\/a-paris\/","name":"\u00c0 Paris Wall Art Print | Opale","isPartOf":{"@id":"https:\/\/opale.design\/fr\/#website"},"primaryImageOfPage":{"@id":"https:\/\/opale.design\/fr\/produit\/a-paris\/#primaryimage"},"image":{"@id":"https:\/\/opale.design\/fr\/produit\/a-paris\/#primaryimage"},"thumbnailUrl":"https:\/\/opale.design\/wp-content\/uploads\/2021\/11\/Version-site106.jpg","datePublished":"2021-11-25T23:37:00+00:00","dateModified":"2023-04-02T18:45:12+00:00","breadcrumb":{"@id":"https:\/\/opale.design\/fr\/produit\/a-paris\/#breadcrumb"},"inLanguage":"fr-FR","potentialAction":[{"@type":"ReadAction","target":["https:\/\/opale.design\/fr\/produit\/a-paris\/"]}]},{"@type":"ImageObject","inLanguage":"fr-FR","@id":"https:\/\/opale.design\/fr\/produit\/a-paris\/#primaryimage","url":"https:\/\/opale.design\/wp-content\/uploads\/2021\/11\/Version-site106.jpg","contentUrl":"https:\/\/opale.design\/wp-content\/uploads\/2021\/11\/Version-site106.jpg","width":1576,"height":1834},{"@type":"BreadcrumbList","@id":"https:\/\/opale.design\/fr\/produit\/a-paris\/#breadcrumb","itemListElement":[{"@type":"ListItem","position":1,"name":"Home","item":"https:\/\/opale.design\/fr\/"},{"@type":"ListItem","position":2,"name":"Les Affiches","item":"https:\/\/opale.design\/fr\/boutique\/"},{"@type":"ListItem","position":3,"name":"\u00c0 Paris"}]},{"@type":"WebSite","@id":"https:\/\/opale.design\/fr\/#website","url":"https:\/\/opale.design\/fr\/","name":"Opale","description":"Posters, Art prints &amp; Frames","publisher":{"@id":"https:\/\/opale.design\/fr\/#organization"},"potentialAction":[{"@type":"SearchAction","target":{"@type":"EntryPoint","urlTemplate":"https:\/\/opale.design\/fr\/?s={search_term_string}"},"query-input":{"@type":"PropertyValueSpecification","valueRequired":true,"valueName":"search_term_string"}}],"inLanguage":"fr-FR"},{"@type":"Organization","@id":"https:\/\/opale.design\/fr\/#organization","name":"Opale - Wall Art, Art prints & Posters","url":"https:\/\/opale.design\/fr\/","logo":{"@type":"ImageObject","inLanguage":"fr-FR","@id":"https:\/\/opale.design\/fr\/#\/schema\/logo\/image\/","url":"https:\/\/opale.design\/wp-content\/uploads\/2022\/03\/logo-opale.png","contentUrl":"https:\/\/opale.design\/wp-content\/uploads\/2022\/03\/logo-opale.png","width":305,"height":137,"caption":"Opale - Wall Art, Art prints & Posters"},"image":{"@id":"https:\/\/opale.design\/fr\/#\/schema\/logo\/image\/"}}]}},"_links":{"self":[{"href":"https:\/\/opale.design\/fr\/wp-json\/wp\/v2\/product\/11165","targetHints":{"allow":["GET"]}}],"collection":[{"href":"https:\/\/opale.design\/fr\/wp-json\/wp\/v2\/product"}],"about":[{"href":"https:\/\/opale.design\/fr\/wp-json\/wp\/v2\/types\/product"}],"replies":[{"embeddable":true,"href":"https:\/\/opale.design\/fr\/wp-json\/wp\/v2\/comments?post=11165"}],"wp:featuredmedia":[{"embeddable":true,"href":"https:\/\/opale.design\/fr\/wp-json\/wp\/v2\/media\/9560"}],"wp:attachment":[{"href":"https:\/\/opale.design\/fr\/wp-json\/wp\/v2\/media?parent=11165"}],"wp:term":[{"taxonomy":"product_brand","embeddable":true,"href":"https:\/\/opale.design\/fr\/wp-json\/wp\/v2\/product_brand?post=11165"},{"taxonomy":"product_cat","embeddable":true,"href":"https:\/\/opale.design\/fr\/wp-json\/wp\/v2\/product_cat?post=11165"},{"taxonomy":"product_tag","embeddable":true,"href":"https:\/\/opale.design\/fr\/wp-json\/wp\/v2\/product_tag?post=11165"}],"curies":[{"name":"wp","href":"https:\/\/api.w.org\/{rel}","templated":true}]}}