{"id":11051,"date":"2021-11-26T00:40:00","date_gmt":"2021-11-26T00:40:00","guid":{"rendered":"https:\/\/opale.design\/product\/pura-vida\/"},"modified":"2025-12-07T23:11:27","modified_gmt":"2025-12-07T23:11:27","slug":"pura-vida","status":"publish","type":"product","link":"https:\/\/opale.design\/fr\/produit\/pura-vida\/","title":{"rendered":"Pura Vida \ud83c\udf84"},"content":{"rendered":"<p>Pura Vida Abstract Art Print | Abstract Art | Pop Color | Flower Art | Italian Art | Home Deco | Poster | Modern Art | Hippie Style Flower | Home Art | Deco | Wall Art | Gallery Wall | Home Inspiration<\/p>\n","protected":false},"excerpt":{"rendered":"<p class=\"display-inline mr-xs-1\"><strong data-start=\"521\" data-end=\"539\">Vente sp\u00e9ciale<\/strong> : 30\u00d740 cm \u00e0 <strong data-start=\"553\" data-end=\"560\">15\u20ac<\/strong> (au lieu de 35\u20ac)<\/p>\n<p>Code <strong data-start=\"586\" data-end=\"597\">OPALE20<\/strong><\/p>\n<p>Impression d&rsquo;art haut de gamme sur papier mat velout\u00e9.<\/p>\n<p>Soigneusement emball\u00e9e dans du papier de soie et exp\u00e9di\u00e9e dans un tube de protection en carton. Exp\u00e9dition mondiale disponible.<br \/>\nCette affiche est livr\u00e9e avec une bordure blanche autour du motif. Les tailles affich\u00e9es indiquent la taille r\u00e9elle de l&rsquo;impression d&rsquo;art, y compris la bordure blanche.<\/p>\n<p>Convient aux cadres de taille standard.<\/p>\n<p>Veuillez noter: ce que vous achetez est l&rsquo;affiche imprim\u00e9e, le cadre n&rsquo;est pas inclus.<\/p>\n<p>Service d&rsquo;encadrement gratuit : si vous achetez un cadre assorti, nous encadrons l&rsquo;affiche pour vous afin qu&rsquo;elle soit pr\u00eate \u00e0 \u00eatre accroch\u00e9e lorsque vous la recevez !<br \/>\n<a href=\"https:\/\/opale.design\/product-category\/frames\/\">D\u00e9couvrir les cadres ici.<\/a><\/p>\n","protected":false},"featured_media":9572,"comment_status":"closed","ping_status":"closed","template":"","meta":[],"product_brand":[],"product_cat":[85,86,88,94,135],"product_tag":[],"class_list":{"0":"post-11051","1":"product","2":"type-product","3":"status-publish","4":"has-post-thumbnail","6":"product_cat-toutes-les-affiches","7":"product_cat-abstrait","8":"product_cat-collection-rose","9":"product_cat-illustration-fr","10":"product_cat-promotions","12":"first","13":"instock","14":"taxable","15":"shipping-taxable","16":"purchasable","17":"product-type-variable","18":"has-default-attributes"},"yoast_head":"<!-- This site is optimized with the Yoast SEO plugin v26.5 - https:\/\/yoast.com\/wordpress\/plugins\/seo\/ -->\n<title>Pura Vida \ud83c\udf84 Wall Art Print | Opale<\/title>\n<meta name=\"robots\" content=\"index, follow, max-snippet:-1, max-image-preview:large, max-video-preview:-1\" \/>\n<link rel=\"canonical\" href=\"https:\/\/opale.design\/fr\/produit\/pura-vida\/\" \/>\n<meta property=\"og:locale\" content=\"fr_FR\" \/>\n<meta property=\"og:type\" content=\"article\" \/>\n<meta property=\"og:title\" content=\"Pura Vida \ud83c\udf84 Wall Art Print | Opale\" \/>\n<meta property=\"og:description\" content=\"Vente sp\u00e9ciale : 30\u00d740 cm \u00e0 15\u20ac (au lieu de 35\u20ac) Code OPALE20  Impression d&#039;art haut de gamme sur papier mat velout\u00e9.  Soigneusement emball\u00e9e dans du papier de soie et exp\u00e9di\u00e9e dans un tube de protection en carton. Exp\u00e9dition mondiale disponible. Cette affiche est livr\u00e9e avec une bordure blanche autour du motif. Les tailles affich\u00e9es indiquent la taille r\u00e9elle de l&#039;impression d&#039;art, y compris la bordure blanche.  Convient aux cadres de taille standard.  Veuillez noter: ce que vous achetez est l&#039;affiche imprim\u00e9e, le cadre n&#039;est pas inclus.  Service d&#039;encadrement gratuit : si vous achetez un cadre assorti, nous encadrons l&#039;affiche pour vous afin qu&#039;elle soit pr\u00eate \u00e0 \u00eatre accroch\u00e9e lorsque vous la recevez ! D\u00e9couvrir les cadres ici.\" \/>\n<meta property=\"og:url\" content=\"https:\/\/opale.design\/fr\/produit\/pura-vida\/\" \/>\n<meta property=\"og:site_name\" content=\"Opale\" \/>\n<meta property=\"article:modified_time\" content=\"2025-12-07T23:11:27+00:00\" \/>\n<meta property=\"og:image\" content=\"https:\/\/opale.design\/wp-content\/uploads\/2021\/11\/Version-site41.jpg\" \/>\n\t<meta property=\"og:image:width\" content=\"1576\" \/>\n\t<meta property=\"og:image:height\" content=\"1834\" \/>\n\t<meta property=\"og:image:type\" content=\"image\/jpeg\" \/>\n<meta name=\"twitter:card\" content=\"summary_large_image\" \/>\n<meta name=\"twitter:label1\" content=\"Dur\u00e9e de lecture estim\u00e9e\" \/>\n\t<meta name=\"twitter:data1\" content=\"1 minute\" \/>\n<script type=\"application\/ld+json\" class=\"yoast-schema-graph\">{\"@context\":\"https:\/\/schema.org\",\"@graph\":[{\"@type\":[\"WebPage\",\"ItemPage\"],\"@id\":\"https:\/\/opale.design\/fr\/produit\/pura-vida\/\",\"url\":\"https:\/\/opale.design\/fr\/produit\/pura-vida\/\",\"name\":\"Pura Vida \ud83c\udf84 Wall Art Print | Opale\",\"isPartOf\":{\"@id\":\"https:\/\/opale.design\/fr\/#website\"},\"primaryImageOfPage\":{\"@id\":\"https:\/\/opale.design\/fr\/produit\/pura-vida\/#primaryimage\"},\"image\":{\"@id\":\"https:\/\/opale.design\/fr\/produit\/pura-vida\/#primaryimage\"},\"thumbnailUrl\":\"https:\/\/opale.design\/wp-content\/uploads\/2021\/11\/Version-site41.jpg\",\"datePublished\":\"2021-11-26T00:40:00+00:00\",\"dateModified\":\"2025-12-07T23:11:27+00:00\",\"breadcrumb\":{\"@id\":\"https:\/\/opale.design\/fr\/produit\/pura-vida\/#breadcrumb\"},\"inLanguage\":\"fr-FR\",\"potentialAction\":[{\"@type\":\"ReadAction\",\"target\":[\"https:\/\/opale.design\/fr\/produit\/pura-vida\/\"]}]},{\"@type\":\"ImageObject\",\"inLanguage\":\"fr-FR\",\"@id\":\"https:\/\/opale.design\/fr\/produit\/pura-vida\/#primaryimage\",\"url\":\"https:\/\/opale.design\/wp-content\/uploads\/2021\/11\/Version-site41.jpg\",\"contentUrl\":\"https:\/\/opale.design\/wp-content\/uploads\/2021\/11\/Version-site41.jpg\",\"width\":1576,\"height\":1834},{\"@type\":\"BreadcrumbList\",\"@id\":\"https:\/\/opale.design\/fr\/produit\/pura-vida\/#breadcrumb\",\"itemListElement\":[{\"@type\":\"ListItem\",\"position\":1,\"name\":\"Home\",\"item\":\"https:\/\/opale.design\/fr\/\"},{\"@type\":\"ListItem\",\"position\":2,\"name\":\"Les Affiches\",\"item\":\"https:\/\/opale.design\/fr\/boutique\/\"},{\"@type\":\"ListItem\",\"position\":3,\"name\":\"Pura Vida \ud83c\udf84\"}]},{\"@type\":\"WebSite\",\"@id\":\"https:\/\/opale.design\/fr\/#website\",\"url\":\"https:\/\/opale.design\/fr\/\",\"name\":\"Opale\",\"description\":\"Posters, Art prints &amp; Frames\",\"publisher\":{\"@id\":\"https:\/\/opale.design\/fr\/#organization\"},\"potentialAction\":[{\"@type\":\"SearchAction\",\"target\":{\"@type\":\"EntryPoint\",\"urlTemplate\":\"https:\/\/opale.design\/fr\/?s={search_term_string}\"},\"query-input\":{\"@type\":\"PropertyValueSpecification\",\"valueRequired\":true,\"valueName\":\"search_term_string\"}}],\"inLanguage\":\"fr-FR\"},{\"@type\":\"Organization\",\"@id\":\"https:\/\/opale.design\/fr\/#organization\",\"name\":\"Opale - Wall Art, Art prints & Posters\",\"url\":\"https:\/\/opale.design\/fr\/\",\"logo\":{\"@type\":\"ImageObject\",\"inLanguage\":\"fr-FR\",\"@id\":\"https:\/\/opale.design\/fr\/#\/schema\/logo\/image\/\",\"url\":\"https:\/\/opale.design\/wp-content\/uploads\/2022\/03\/logo-opale.png\",\"contentUrl\":\"https:\/\/opale.design\/wp-content\/uploads\/2022\/03\/logo-opale.png\",\"width\":305,\"height\":137,\"caption\":\"Opale - Wall Art, Art prints & Posters\"},\"image\":{\"@id\":\"https:\/\/opale.design\/fr\/#\/schema\/logo\/image\/\"}}]}<\/script>\n<!-- \/ Yoast SEO plugin. -->","yoast_head_json":{"title":"Pura Vida \ud83c\udf84 Wall Art Print | Opale","robots":{"index":"index","follow":"follow","max-snippet":"max-snippet:-1","max-image-preview":"max-image-preview:large","max-video-preview":"max-video-preview:-1"},"canonical":"https:\/\/opale.design\/fr\/produit\/pura-vida\/","og_locale":"fr_FR","og_type":"article","og_title":"Pura Vida \ud83c\udf84 Wall Art Print | Opale","og_description":"Vente sp\u00e9ciale : 30\u00d740 cm \u00e0 15\u20ac (au lieu de 35\u20ac) Code OPALE20  Impression d'art haut de gamme sur papier mat velout\u00e9.  Soigneusement emball\u00e9e dans du papier de soie et exp\u00e9di\u00e9e dans un tube de protection en carton. Exp\u00e9dition mondiale disponible. Cette affiche est livr\u00e9e avec une bordure blanche autour du motif. Les tailles affich\u00e9es indiquent la taille r\u00e9elle de l'impression d'art, y compris la bordure blanche.  Convient aux cadres de taille standard.  Veuillez noter: ce que vous achetez est l'affiche imprim\u00e9e, le cadre n'est pas inclus.  Service d'encadrement gratuit : si vous achetez un cadre assorti, nous encadrons l'affiche pour vous afin qu'elle soit pr\u00eate \u00e0 \u00eatre accroch\u00e9e lorsque vous la recevez ! D\u00e9couvrir les cadres ici.","og_url":"https:\/\/opale.design\/fr\/produit\/pura-vida\/","og_site_name":"Opale","article_modified_time":"2025-12-07T23:11:27+00:00","og_image":[{"width":1576,"height":1834,"url":"https:\/\/opale.design\/wp-content\/uploads\/2021\/11\/Version-site41.jpg","type":"image\/jpeg"}],"twitter_card":"summary_large_image","twitter_misc":{"Dur\u00e9e de lecture estim\u00e9e":"1 minute"},"schema":{"@context":"https:\/\/schema.org","@graph":[{"@type":["WebPage","ItemPage"],"@id":"https:\/\/opale.design\/fr\/produit\/pura-vida\/","url":"https:\/\/opale.design\/fr\/produit\/pura-vida\/","name":"Pura Vida \ud83c\udf84 Wall Art Print | Opale","isPartOf":{"@id":"https:\/\/opale.design\/fr\/#website"},"primaryImageOfPage":{"@id":"https:\/\/opale.design\/fr\/produit\/pura-vida\/#primaryimage"},"image":{"@id":"https:\/\/opale.design\/fr\/produit\/pura-vida\/#primaryimage"},"thumbnailUrl":"https:\/\/opale.design\/wp-content\/uploads\/2021\/11\/Version-site41.jpg","datePublished":"2021-11-26T00:40:00+00:00","dateModified":"2025-12-07T23:11:27+00:00","breadcrumb":{"@id":"https:\/\/opale.design\/fr\/produit\/pura-vida\/#breadcrumb"},"inLanguage":"fr-FR","potentialAction":[{"@type":"ReadAction","target":["https:\/\/opale.design\/fr\/produit\/pura-vida\/"]}]},{"@type":"ImageObject","inLanguage":"fr-FR","@id":"https:\/\/opale.design\/fr\/produit\/pura-vida\/#primaryimage","url":"https:\/\/opale.design\/wp-content\/uploads\/2021\/11\/Version-site41.jpg","contentUrl":"https:\/\/opale.design\/wp-content\/uploads\/2021\/11\/Version-site41.jpg","width":1576,"height":1834},{"@type":"BreadcrumbList","@id":"https:\/\/opale.design\/fr\/produit\/pura-vida\/#breadcrumb","itemListElement":[{"@type":"ListItem","position":1,"name":"Home","item":"https:\/\/opale.design\/fr\/"},{"@type":"ListItem","position":2,"name":"Les Affiches","item":"https:\/\/opale.design\/fr\/boutique\/"},{"@type":"ListItem","position":3,"name":"Pura Vida \ud83c\udf84"}]},{"@type":"WebSite","@id":"https:\/\/opale.design\/fr\/#website","url":"https:\/\/opale.design\/fr\/","name":"Opale","description":"Posters, Art prints &amp; Frames","publisher":{"@id":"https:\/\/opale.design\/fr\/#organization"},"potentialAction":[{"@type":"SearchAction","target":{"@type":"EntryPoint","urlTemplate":"https:\/\/opale.design\/fr\/?s={search_term_string}"},"query-input":{"@type":"PropertyValueSpecification","valueRequired":true,"valueName":"search_term_string"}}],"inLanguage":"fr-FR"},{"@type":"Organization","@id":"https:\/\/opale.design\/fr\/#organization","name":"Opale - Wall Art, Art prints & Posters","url":"https:\/\/opale.design\/fr\/","logo":{"@type":"ImageObject","inLanguage":"fr-FR","@id":"https:\/\/opale.design\/fr\/#\/schema\/logo\/image\/","url":"https:\/\/opale.design\/wp-content\/uploads\/2022\/03\/logo-opale.png","contentUrl":"https:\/\/opale.design\/wp-content\/uploads\/2022\/03\/logo-opale.png","width":305,"height":137,"caption":"Opale - Wall Art, Art prints & Posters"},"image":{"@id":"https:\/\/opale.design\/fr\/#\/schema\/logo\/image\/"}}]}},"_links":{"self":[{"href":"https:\/\/opale.design\/fr\/wp-json\/wp\/v2\/product\/11051","targetHints":{"allow":["GET"]}}],"collection":[{"href":"https:\/\/opale.design\/fr\/wp-json\/wp\/v2\/product"}],"about":[{"href":"https:\/\/opale.design\/fr\/wp-json\/wp\/v2\/types\/product"}],"replies":[{"embeddable":true,"href":"https:\/\/opale.design\/fr\/wp-json\/wp\/v2\/comments?post=11051"}],"wp:featuredmedia":[{"embeddable":true,"href":"https:\/\/opale.design\/fr\/wp-json\/wp\/v2\/media\/9572"}],"wp:attachment":[{"href":"https:\/\/opale.design\/fr\/wp-json\/wp\/v2\/media?parent=11051"}],"wp:term":[{"taxonomy":"product_brand","embeddable":true,"href":"https:\/\/opale.design\/fr\/wp-json\/wp\/v2\/product_brand?post=11051"},{"taxonomy":"product_cat","embeddable":true,"href":"https:\/\/opale.design\/fr\/wp-json\/wp\/v2\/product_cat?post=11051"},{"taxonomy":"product_tag","embeddable":true,"href":"https:\/\/opale.design\/fr\/wp-json\/wp\/v2\/product_tag?post=11051"}],"curies":[{"name":"wp","href":"https:\/\/api.w.org\/{rel}","templated":true}]}}